{"id":179,"date":"2025-09-03T17:56:16","date_gmt":"2025-09-03T15:56:16","guid":{"rendered":"https:\/\/piaf-baccarat.fr\/?page_id=179"},"modified":"2026-04-13T09:38:33","modified_gmt":"2026-04-13T07:38:33","slug":"la-biennale-des-arts-du-feu","status":"publish","type":"page","link":"https:\/\/piaf-baccarat.fr\/en\/la-biennale-des-arts-du-feu\/","title":{"rendered":"La Biennale Internationale des Arts du Feu"},"content":{"rendered":"<p>[et_pb_section fb_built=&#8221;1&#8243; _builder_version=&#8221;4.17.4&#8243; _module_preset=&#8221;default&#8221; width=&#8221;100%&#8221; custom_padding=&#8221;62px|||||&#8221; global_colors_info=&#8221;{}&#8221;][et_pb_row _builder_version=&#8221;4.17.4&#8243; _module_preset=&#8221;default&#8221; global_colors_info=&#8221;{}&#8221;][et_pb_column type=&#8221;4_4&#8243; _builder_version=&#8221;4.17.4&#8243; _module_preset=&#8221;default&#8221; global_colors_info=&#8221;{}&#8221;][et_pb_text _builder_version=&#8221;4.17.4&#8243; _module_preset=&#8221;default&#8221; min_height=&#8221;95.6px&#8221; custom_margin=&#8221;-69px|||||&#8221; custom_padding=&#8221;||10px|||&#8221; global_colors_info=&#8221;{}&#8221;]<\/p>\n<h1 data-start=\"255\" data-end=\"299\" style=\"text-align: center;\">La Biennale Internationale des Arts du Feu<\/h1>\n<p data-start=\"828\" data-end=\"863\" style=\"text-align: center;\"><strong data-start=\"828\" data-end=\"863\">20 et 21 juin 2026 <\/strong><\/p>\n<p data-start=\"828\" data-end=\"863\" style=\"text-align: center;\"><em>1\u00e8re \u00e9dition<\/em><\/p>\n<p data-start=\"828\" data-end=\"863\" style=\"text-align: center;\"><em>\u00ab Un rendez-vous international d\u00e9di\u00e9 \u00e0 la cr\u00e9ation contemporaine et aux savoir-faire des arts du feu. \u00bb<\/em><\/p>\n<p data-start=\"938\" data-end=\"1149\">\n<p>[\/et_pb_text][et_pb_image src=&#8221;https:\/\/piaf-baccarat.fr\/wp-content\/uploads\/2026\/01\/IMG_20230813_135432-scaled.jpg&#8221; alt=&#8221;Atelier souffleur de verre&#8221; title_text=&#8221;Atelier souffleur de verre&#8221; _builder_version=&#8221;4.17.4&#8243; _module_preset=&#8221;default&#8221; global_colors_info=&#8221;{}&#8221;][\/et_pb_image][\/et_pb_column][\/et_pb_row][et_pb_row _builder_version=&#8221;4.17.4&#8243; _module_preset=&#8221;default&#8221; global_colors_info=&#8221;{}&#8221;][et_pb_column type=&#8221;4_4&#8243; _builder_version=&#8221;4.17.4&#8243; _module_preset=&#8221;default&#8221; global_colors_info=&#8221;{}&#8221;][et_pb_text _builder_version=&#8221;4.17.4&#8243; _module_preset=&#8221;default&#8221; global_colors_info=&#8221;{}&#8221;]<\/p>\n<p style=\"text-align: center;\">\u00ab La Biennale internationale des Arts du Feu vise \u00e0 renforcer les dynamiques culturelles et patrimoniales du territoire en f\u00e9d\u00e9rant les acteurs institutionnels autour d\u2019un projet d\u2019exposition d\u2019envergure, promouvant l\u2019excellence des arts du feu, soutenant la cr\u00e9ation contemporaine et favorisant l\u2019attractivit\u00e9 touristique et \u00e9conomique de la r\u00e9gion. \u00bb<\/p>\n<p>[\/et_pb_text][\/et_pb_column][\/et_pb_row][et_pb_row _builder_version=&#8221;4.17.4&#8243; _module_preset=&#8221;default&#8221; global_colors_info=&#8221;{}&#8221;][et_pb_column type=&#8221;4_4&#8243; _builder_version=&#8221;4.17.4&#8243; _module_preset=&#8221;default&#8221; global_colors_info=&#8221;{}&#8221;][et_pb_text _builder_version=&#8221;4.17.4&#8243; _module_preset=&#8221;default&#8221; global_colors_info=&#8221;{}&#8221;]<\/p>\n<h2>L\u2019esprit de la biennale<\/h2>\n<p data-start=\"778\" data-end=\"952\">La Biennale Internationale des Arts du Feu est un \u00e9v\u00e9nement international consacr\u00e9 aux disciplines fa\u00e7onn\u00e9es par la flamme et la mati\u00e8re : verre, cristal, c\u00e9ramique et m\u00e9tal.<\/p>\n<p data-start=\"1253\" data-end=\"1507\">Pens\u00e9e comme un espace de cr\u00e9ation, de transmission et de dialogue, elle r\u00e9unit artistes, artisans, designers et institutions autour d\u2019une m\u00eame ambition : faire rayonner les arts du feu dans toute leur diversit\u00e9, entre h\u00e9ritage et cr\u00e9ation contemporaine.<\/p>\n<p>[\/et_pb_text][\/et_pb_column][\/et_pb_row][et_pb_row _builder_version=&#8221;4.17.4&#8243; _module_preset=&#8221;default&#8221; global_colors_info=&#8221;{}&#8221;][et_pb_column type=&#8221;4_4&#8243; _builder_version=&#8221;4.17.4&#8243; _module_preset=&#8221;default&#8221; global_colors_info=&#8221;{}&#8221;][et_pb_text _builder_version=&#8221;4.17.4&#8243; _module_preset=&#8221;default&#8221; global_colors_info=&#8221;{}&#8221;]<\/p>\n<h2>Baccarat, terre de feu et de cr\u00e9ation<\/h2>\n<p data-start=\"1777\" data-end=\"1896\">Ville embl\u00e9matique du cristal et des arts verriers, Baccarat incarne depuis des si\u00e8cles l\u2019excellence des arts du feu.<\/p>\n<p data-start=\"1903\" data-end=\"2101\">La Biennale s\u2019inscrit dans cette histoire vivante, en faisant dialoguer <strong>patrimoine, cr\u00e9ation contemporaine et innovation<\/strong>, au c\u0153ur d\u2019un territoire fa\u00e7onn\u00e9 par la mati\u00e8re, le geste et la transmission.<\/p>\n<p>[\/et_pb_text][\/et_pb_column][\/et_pb_row][et_pb_row _builder_version=&#8221;4.17.4&#8243; _module_preset=&#8221;default&#8221; global_colors_info=&#8221;{}&#8221;][et_pb_column type=&#8221;4_4&#8243; _builder_version=&#8221;4.17.4&#8243; _module_preset=&#8221;default&#8221; global_colors_info=&#8221;{}&#8221;][et_pb_text _builder_version=&#8221;4.17.4&#8243; _module_preset=&#8221;default&#8221; global_colors_info=&#8221;{}&#8221;]<\/p>\n<h2>Une biennale au coeur du projet PIAF<\/h2>\n<p>La Biennale des Arts du Feu constitue l\u2019<strong>un des temps fondateurs du P\u00f4le International des Arts du Feu (PIAF)<\/strong>.<\/p>\n<p data-start=\"2406\" data-end=\"2677\">Avant m\u00eame l\u2019ouverture du PIAF pr\u00e9vue au printemps 2027, la Biennale affirme sa vocation :<br data-start=\"2496\" data-end=\"2499\" \/>\u2013 soutenir la cr\u00e9ation contemporaine,<br data-start=\"2538\" data-end=\"2541\" \/>\u2013 favoriser les \u00e9changes internationaux,<br data-start=\"2583\" data-end=\"2586\" \/>\u2013 valoriser les savoir-faire artisanaux,<br data-start=\"2628\" data-end=\"2631\" \/>\u2013 ouvrir les arts du feu \u00e0 tous les publics.<\/p>\n<p>[\/et_pb_text][\/et_pb_column][\/et_pb_row][et_pb_row _builder_version=&#8221;4.17.4&#8243; _module_preset=&#8221;default&#8221; global_colors_info=&#8221;{}&#8221;][et_pb_column type=&#8221;4_4&#8243; _builder_version=&#8221;4.17.4&#8243; _module_preset=&#8221;default&#8221; global_colors_info=&#8221;{}&#8221;][et_pb_text _builder_version=&#8221;4.17.4&#8243; _module_preset=&#8221;default&#8221; global_colors_info=&#8221;{}&#8221;]<\/p>\n<h2>Premi\u00e8re \u00e9dition \u2013 20 et 21 juin 2026<\/h2>\n<p>Expositions, rencontres, d\u00e9monstrations, temps de transmission et d\u00e9couvertes rythmeront cette premi\u00e8re \u00e9dition, con\u00e7ue comme une invitation \u00e0 explorer les arts du feu sous toutes leurs formes.<\/p>\n<p>Pens\u00e9e comme une <strong data-start=\"2270\" data-end=\"2336\">invitation \u00e0 explorer les arts du feu sous toutes leurs formes<\/strong>, la Biennale proposera un parcours sensible et accessible, m\u00ealant \u0153uvres, gestes, mati\u00e8res et r\u00e9cits.<\/p>\n<p>[\/et_pb_text][\/et_pb_column][\/et_pb_row][et_pb_row _builder_version=&#8221;4.17.4&#8243; _module_preset=&#8221;default&#8221; global_colors_info=&#8221;{}&#8221;][et_pb_column type=&#8221;4_4&#8243; _builder_version=&#8221;4.17.4&#8243; _module_preset=&#8221;default&#8221; global_colors_info=&#8221;{}&#8221;][et_pb_text _builder_version=&#8221;4.17.4&#8243; _module_preset=&#8221;default&#8221; background_color=&#8221;#F7F7F7&#8243; text_orientation=&#8221;center&#8221; global_colors_info=&#8221;{}&#8221;]<\/p>\n<h2>Appel aux artisans et cr\u00e9ateurs<\/h2>\n<p data-start=\"1721\" data-end=\"1875\">La Biennale des Arts du Feu est pens\u00e9e comme un <strong data-start=\"1769\" data-end=\"1813\">espace de rencontre et de reconnaissance<\/strong> pour celles et ceux qui font vivre la mati\u00e8re par le geste.<\/p>\n<p data-start=\"1882\" data-end=\"2107\"><strong>Artisans d\u2019art, artistes, designers, verriers, c\u00e9ramistes, m\u00e9talliers<\/strong> : la premi\u00e8re \u00e9dition de la Biennale vous invite \u00e0 prendre part \u00e0 un rendez-vous fondateur, au c\u0153ur de Baccarat, territoire embl\u00e9matique des arts du feu.<\/p>\n<p data-start=\"2114\" data-end=\"2285\">Si vous souhaitez contribuer \u00e0 cette aventure, exposer votre travail ou rejoindre la dynamique de la Biennale, nous vous invitons \u00e0 manifester votre int\u00e9r\u00eat d\u00e8s \u00e0 pr\u00e9sent.<\/p>\n<p>[\/et_pb_text][\/et_pb_column][\/et_pb_row][et_pb_row _builder_version=&#8221;4.17.4&#8243; _module_preset=&#8221;default&#8221; global_colors_info=&#8221;{}&#8221;][et_pb_column type=&#8221;4_4&#8243; _builder_version=&#8221;4.17.4&#8243; _module_preset=&#8221;default&#8221; global_colors_info=&#8221;{}&#8221;][et_pb_button button_url=&#8221;https:\/\/piaf-baccarat.fr\/formulaire-de-candidature\/&#8221; url_new_window=&#8221;on&#8221; button_text=&#8221;JE POSTULE&#8221; button_alignment=&#8221;center&#8221; _builder_version=&#8221;4.17.4&#8243; _module_preset=&#8221;default&#8221; global_colors_info=&#8221;{}&#8221;][\/et_pb_button][\/et_pb_column][\/et_pb_row][et_pb_row _builder_version=&#8221;4.17.4&#8243; _module_preset=&#8221;default&#8221; global_colors_info=&#8221;{}&#8221;][et_pb_column type=&#8221;4_4&#8243; _builder_version=&#8221;4.17.4&#8243; _module_preset=&#8221;default&#8221; global_colors_info=&#8221;{}&#8221;][et_pb_text _builder_version=&#8221;4.17.4&#8243; _module_preset=&#8221;default&#8221; global_colors_info=&#8221;{}&#8221;]<\/p>\n<p style=\"text-align: center;\"><span style=\"font-size: x-large;\"><strong data-start=\"3057\" data-end=\"3146\">Baccarat devient, le temps d\u2019un week-end, un carrefour international des arts du feu.<\/strong><\/span><br data-start=\"3146\" data-end=\"3149\" \/><span style=\"font-size: x-large;\">Une biennale fondatrice, ouverte, exigeante et r\u00e9solument tourn\u00e9e vers l\u2019avenir.<\/span><\/p>\n<p>[\/et_pb_text][\/et_pb_column][\/et_pb_row][\/et_pb_section]<\/p>\n","protected":false},"excerpt":{"rendered":"<p>La Biennale Internationale des Arts du Feu 20 et 21 juin 2026 1\u00e8re \u00e9dition \u00ab Un rendez-vous international d\u00e9di\u00e9 \u00e0 la cr\u00e9ation contemporaine et aux savoir-faire des arts du feu. \u00bb \u00ab La Biennale internationale des Arts du Feu vise \u00e0 renforcer les dynamiques culturelles et patrimoniales du territoire en f\u00e9d\u00e9rant les acteurs institutionnels autour [&hellip;]<\/p>\n","protected":false},"author":2,"featured_media":0,"parent":0,"menu_order":0,"comment_status":"closed","ping_status":"closed","template":"","meta":{"_et_pb_use_builder":"on","_et_pb_old_content":"","_et_gb_content_width":"","footnotes":""},"class_list":["post-179","page","type-page","status-publish","hentry"],"yoast_head":"<!-- This site is optimized with the Yoast SEO plugin v27.4 - https:\/\/yoast.com\/product\/yoast-seo-wordpress\/ -->\n<title>La Biennale Internationale des Arts du Feu - PIAF<\/title>\n<meta name=\"description\" content=\"La Biennale des Arts du Feu \u00e0 Baccarat : expositions, d\u00e9monstrations, rencontres, entre tradition et cr\u00e9ation contemporaine.\" \/>\n<meta name=\"robots\" content=\"index, follow, max-snippet:-1, max-image-preview:large, max-video-preview:-1\" \/>\n<link rel=\"canonical\" href=\"https:\/\/piaf-baccarat.fr\/en\/la-biennale-des-arts-du-feu\/\" \/>\n<meta property=\"og:locale\" content=\"en_US\" \/>\n<meta property=\"og:type\" content=\"article\" \/>\n<meta property=\"og:title\" content=\"La Biennale Internationale des Arts du Feu - PIAF\" \/>\n<meta property=\"og:description\" content=\"La Biennale des Arts du Feu \u00e0 Baccarat : expositions, d\u00e9monstrations, rencontres, entre tradition et cr\u00e9ation contemporaine.\" \/>\n<meta property=\"og:url\" content=\"https:\/\/piaf-baccarat.fr\/en\/la-biennale-des-arts-du-feu\/\" \/>\n<meta property=\"og:site_name\" content=\"PIAF\" \/>\n<meta property=\"article:publisher\" content=\"https:\/\/www.facebook.com\/piafbaccarat\" \/>\n<meta property=\"article:modified_time\" content=\"2026-04-13T07:38:33+00:00\" \/>\n<meta property=\"og:image\" content=\"https:\/\/piaf-baccarat.fr\/wp-content\/uploads\/2025\/09\/pole-international-des-arts-du-feu.png\" \/>\n\t<meta property=\"og:image:width\" content=\"1233\" \/>\n\t<meta property=\"og:image:height\" content=\"454\" \/>\n\t<meta property=\"og:image:type\" content=\"image\/png\" \/>\n<meta name=\"twitter:card\" content=\"summary_large_image\" \/>\n<meta name=\"twitter:label1\" content=\"Est. reading time\" \/>\n\t<meta name=\"twitter:data1\" content=\"3 minutes\" \/>\n<script type=\"application\/ld+json\" class=\"yoast-schema-graph\">{\"@context\":\"https:\\\/\\\/schema.org\",\"@graph\":[{\"@type\":\"WebPage\",\"@id\":\"https:\\\/\\\/piaf-baccarat.fr\\\/la-biennale-des-arts-du-feu\\\/\",\"url\":\"https:\\\/\\\/piaf-baccarat.fr\\\/la-biennale-des-arts-du-feu\\\/\",\"name\":\"La Biennale Internationale des Arts du Feu - PIAF\",\"isPartOf\":{\"@id\":\"https:\\\/\\\/piaf-baccarat.fr\\\/#website\"},\"datePublished\":\"2025-09-03T15:56:16+00:00\",\"dateModified\":\"2026-04-13T07:38:33+00:00\",\"description\":\"La Biennale des Arts du Feu \u00e0 Baccarat : expositions, d\u00e9monstrations, rencontres, entre tradition et cr\u00e9ation contemporaine.\",\"breadcrumb\":{\"@id\":\"https:\\\/\\\/piaf-baccarat.fr\\\/la-biennale-des-arts-du-feu\\\/#breadcrumb\"},\"inLanguage\":\"en-US\",\"potentialAction\":[{\"@type\":\"ReadAction\",\"target\":[\"https:\\\/\\\/piaf-baccarat.fr\\\/la-biennale-des-arts-du-feu\\\/\"]}]},{\"@type\":\"BreadcrumbList\",\"@id\":\"https:\\\/\\\/piaf-baccarat.fr\\\/la-biennale-des-arts-du-feu\\\/#breadcrumb\",\"itemListElement\":[{\"@type\":\"ListItem\",\"position\":1,\"name\":\"Accueil\",\"item\":\"https:\\\/\\\/piaf-baccarat.fr\\\/\"},{\"@type\":\"ListItem\",\"position\":2,\"name\":\"La Biennale Internationale des Arts du Feu\"}]},{\"@type\":\"WebSite\",\"@id\":\"https:\\\/\\\/piaf-baccarat.fr\\\/#website\",\"url\":\"https:\\\/\\\/piaf-baccarat.fr\\\/\",\"name\":\"P\u00f4le International des Arts du feu\",\"description\":\"P\u00f4le International des Arts du feu\",\"publisher\":{\"@id\":\"https:\\\/\\\/piaf-baccarat.fr\\\/#organization\"},\"alternateName\":\"PIAF\",\"potentialAction\":[{\"@type\":\"SearchAction\",\"target\":{\"@type\":\"EntryPoint\",\"urlTemplate\":\"https:\\\/\\\/piaf-baccarat.fr\\\/?s={search_term_string}\"},\"query-input\":{\"@type\":\"PropertyValueSpecification\",\"valueRequired\":true,\"valueName\":\"search_term_string\"}}],\"inLanguage\":\"en-US\"},{\"@type\":\"Organization\",\"@id\":\"https:\\\/\\\/piaf-baccarat.fr\\\/#organization\",\"name\":\"P\u00f4le International des Arts du Feu\",\"alternateName\":\"PIAF\",\"url\":\"https:\\\/\\\/piaf-baccarat.fr\\\/\",\"logo\":{\"@type\":\"ImageObject\",\"inLanguage\":\"en-US\",\"@id\":\"https:\\\/\\\/piaf-baccarat.fr\\\/#\\\/schema\\\/logo\\\/image\\\/\",\"url\":\"https:\\\/\\\/piaf-baccarat.fr\\\/wp-content\\\/uploads\\\/2025\\\/09\\\/LOGO-piaf-1.png\",\"contentUrl\":\"https:\\\/\\\/piaf-baccarat.fr\\\/wp-content\\\/uploads\\\/2025\\\/09\\\/LOGO-piaf-1.png\",\"width\":800,\"height\":799,\"caption\":\"P\u00f4le International des Arts du Feu\"},\"image\":{\"@id\":\"https:\\\/\\\/piaf-baccarat.fr\\\/#\\\/schema\\\/logo\\\/image\\\/\"},\"sameAs\":[\"https:\\\/\\\/www.facebook.com\\\/piafbaccarat\"]}]}<\/script>\n<!-- \/ Yoast SEO plugin. -->","yoast_head_json":{"title":"La Biennale Internationale des Arts du Feu - PIAF","description":"La Biennale des Arts du Feu \u00e0 Baccarat : expositions, d\u00e9monstrations, rencontres, entre tradition et cr\u00e9ation contemporaine.","robots":{"index":"index","follow":"follow","max-snippet":"max-snippet:-1","max-image-preview":"max-image-preview:large","max-video-preview":"max-video-preview:-1"},"canonical":"https:\/\/piaf-baccarat.fr\/en\/la-biennale-des-arts-du-feu\/","og_locale":"en_US","og_type":"article","og_title":"La Biennale Internationale des Arts du Feu - PIAF","og_description":"La Biennale des Arts du Feu \u00e0 Baccarat : expositions, d\u00e9monstrations, rencontres, entre tradition et cr\u00e9ation contemporaine.","og_url":"https:\/\/piaf-baccarat.fr\/en\/la-biennale-des-arts-du-feu\/","og_site_name":"PIAF","article_publisher":"https:\/\/www.facebook.com\/piafbaccarat","article_modified_time":"2026-04-13T07:38:33+00:00","og_image":[{"width":1233,"height":454,"url":"https:\/\/piaf-baccarat.fr\/wp-content\/uploads\/2025\/09\/pole-international-des-arts-du-feu.png","type":"image\/png"}],"twitter_card":"summary_large_image","twitter_misc":{"Est. reading time":"3 minutes"},"schema":{"@context":"https:\/\/schema.org","@graph":[{"@type":"WebPage","@id":"https:\/\/piaf-baccarat.fr\/la-biennale-des-arts-du-feu\/","url":"https:\/\/piaf-baccarat.fr\/la-biennale-des-arts-du-feu\/","name":"La Biennale Internationale des Arts du Feu - PIAF","isPartOf":{"@id":"https:\/\/piaf-baccarat.fr\/#website"},"datePublished":"2025-09-03T15:56:16+00:00","dateModified":"2026-04-13T07:38:33+00:00","description":"La Biennale des Arts du Feu \u00e0 Baccarat : expositions, d\u00e9monstrations, rencontres, entre tradition et cr\u00e9ation contemporaine.","breadcrumb":{"@id":"https:\/\/piaf-baccarat.fr\/la-biennale-des-arts-du-feu\/#breadcrumb"},"inLanguage":"en-US","potentialAction":[{"@type":"ReadAction","target":["https:\/\/piaf-baccarat.fr\/la-biennale-des-arts-du-feu\/"]}]},{"@type":"BreadcrumbList","@id":"https:\/\/piaf-baccarat.fr\/la-biennale-des-arts-du-feu\/#breadcrumb","itemListElement":[{"@type":"ListItem","position":1,"name":"Accueil","item":"https:\/\/piaf-baccarat.fr\/"},{"@type":"ListItem","position":2,"name":"La Biennale Internationale des Arts du Feu"}]},{"@type":"WebSite","@id":"https:\/\/piaf-baccarat.fr\/#website","url":"https:\/\/piaf-baccarat.fr\/","name":"P\u00f4le International des Arts du feu","description":"P\u00f4le International des Arts du feu","publisher":{"@id":"https:\/\/piaf-baccarat.fr\/#organization"},"alternateName":"PIAF","potentialAction":[{"@type":"SearchAction","target":{"@type":"EntryPoint","urlTemplate":"https:\/\/piaf-baccarat.fr\/?s={search_term_string}"},"query-input":{"@type":"PropertyValueSpecification","valueRequired":true,"valueName":"search_term_string"}}],"inLanguage":"en-US"},{"@type":"Organization","@id":"https:\/\/piaf-baccarat.fr\/#organization","name":"P\u00f4le International des Arts du Feu","alternateName":"PIAF","url":"https:\/\/piaf-baccarat.fr\/","logo":{"@type":"ImageObject","inLanguage":"en-US","@id":"https:\/\/piaf-baccarat.fr\/#\/schema\/logo\/image\/","url":"https:\/\/piaf-baccarat.fr\/wp-content\/uploads\/2025\/09\/LOGO-piaf-1.png","contentUrl":"https:\/\/piaf-baccarat.fr\/wp-content\/uploads\/2025\/09\/LOGO-piaf-1.png","width":800,"height":799,"caption":"P\u00f4le International des Arts du Feu"},"image":{"@id":"https:\/\/piaf-baccarat.fr\/#\/schema\/logo\/image\/"},"sameAs":["https:\/\/www.facebook.com\/piafbaccarat"]}]}},"jetpack_sharing_enabled":true,"_links":{"self":[{"href":"https:\/\/piaf-baccarat.fr\/en\/wp-json\/wp\/v2\/pages\/179","targetHints":{"allow":["GET"]}}],"collection":[{"href":"https:\/\/piaf-baccarat.fr\/en\/wp-json\/wp\/v2\/pages"}],"about":[{"href":"https:\/\/piaf-baccarat.fr\/en\/wp-json\/wp\/v2\/types\/page"}],"author":[{"embeddable":true,"href":"https:\/\/piaf-baccarat.fr\/en\/wp-json\/wp\/v2\/users\/2"}],"replies":[{"embeddable":true,"href":"https:\/\/piaf-baccarat.fr\/en\/wp-json\/wp\/v2\/comments?post=179"}],"version-history":[{"count":32,"href":"https:\/\/piaf-baccarat.fr\/en\/wp-json\/wp\/v2\/pages\/179\/revisions"}],"predecessor-version":[{"id":825,"href":"https:\/\/piaf-baccarat.fr\/en\/wp-json\/wp\/v2\/pages\/179\/revisions\/825"}],"wp:attachment":[{"href":"https:\/\/piaf-baccarat.fr\/en\/wp-json\/wp\/v2\/media?parent=179"}],"curies":[{"name":"wp","href":"https:\/\/api.w.org\/{rel}","templated":true}]}}