{"id":220,"date":"2025-09-03T19:58:11","date_gmt":"2025-09-03T17:58:11","guid":{"rendered":"https:\/\/piaf-baccarat.fr\/?page_id=220"},"modified":"2026-02-06T21:59:33","modified_gmt":"2026-02-06T20:59:33","slug":"experience-immersive","status":"publish","type":"page","link":"https:\/\/piaf-baccarat.fr\/en\/experience-immersive\/","title":{"rendered":"L&#8217;exp\u00e9rience immersive"},"content":{"rendered":"<p>[et_pb_section fb_built=&#8221;1&#8243; _builder_version=&#8221;4.17.4&#8243; _module_preset=&#8221;default&#8221; global_colors_info=&#8221;{}&#8221;][et_pb_row _builder_version=&#8221;4.17.4&#8243; _module_preset=&#8221;default&#8221; global_colors_info=&#8221;{}&#8221;][et_pb_column type=&#8221;4_4&#8243; _builder_version=&#8221;4.17.4&#8243; _module_preset=&#8221;default&#8221; global_colors_info=&#8221;{}&#8221;][et_pb_text _builder_version=&#8221;4.17.4&#8243; _module_preset=&#8221;default&#8221; global_colors_info=&#8221;{}&#8221;]<\/p>\n<p>Bient\u00f4t au <strong data-start=\"227\" data-end=\"272\">PIAF \u2013 P\u00f4le International des Arts du Feu<\/strong>, vivez une <strong data-start=\"284\" data-end=\"315\">exp\u00e9rience immersive unique<\/strong> o\u00f9 le <strong data-start=\"322\" data-end=\"363\">feu, la mati\u00e8re et le geste artisanal<\/strong> prennent vie.<\/p>\n<p>[\/et_pb_text][et_pb_text _builder_version=&#8221;4.17.4&#8243; _module_preset=&#8221;default&#8221; global_colors_info=&#8221;{}&#8221;]<\/p>\n<h3 data-start=\"386\" data-end=\"437\">\ud83d\udd25 <strong data-start=\"393\" data-end=\"435\">D\u00e9couvrez, ressentez, \u00e9merveillez-vous<\/strong><\/h3>\n<ul data-start=\"438\" data-end=\"682\">\n<li data-start=\"438\" data-end=\"550\">\n<p data-start=\"440\" data-end=\"550\">Des <strong data-start=\"444\" data-end=\"482\">installations visuelles et sonores<\/strong> qui racontent l\u2019histoire de la porcelaine, du verre et du cristal<\/p>\n<\/li>\n<li data-start=\"551\" data-end=\"624\">\n<p data-start=\"553\" data-end=\"624\">Des <strong data-start=\"557\" data-end=\"595\">gestes d\u2019artisans capt\u00e9s en direct<\/strong>, du fa\u00e7onnage \u00e0 la cuisson<\/p>\n<\/li>\n<li data-start=\"625\" data-end=\"682\">\n<p data-start=\"627\" data-end=\"682\">Une <strong data-start=\"631\" data-end=\"658\">exploration sensorielle<\/strong> pour tous les publics<\/p>\n<\/li>\n<\/ul>\n<p>[\/et_pb_text][et_pb_text _builder_version=&#8221;4.17.4&#8243; _module_preset=&#8221;default&#8221; global_colors_info=&#8221;{}&#8221;]<\/p>\n<h3 data-start=\"689\" data-end=\"718\">\ud83c\udf1f <strong data-start=\"696\" data-end=\"716\">Pourquoi venir ?<\/strong><\/h3>\n<p data-start=\"719\" data-end=\"895\">Parce qu\u2019au PIAF, <strong data-start=\"737\" data-end=\"773\">la visite devient une exp\u00e9rience<\/strong> : vous ne regardez pas seulement, vous <strong data-start=\"813\" data-end=\"853\">ressentez l\u2019alchimie des arts du feu<\/strong> et laissez votre curiosit\u00e9 vous guider.<\/p>\n<p>[\/et_pb_text][et_pb_text _builder_version=&#8221;4.17.4&#8243; _module_preset=&#8221;default&#8221; global_colors_info=&#8221;{}&#8221;]<\/p>\n<h3 data-start=\"902\" data-end=\"921\">\u23f3 <strong data-start=\"908\" data-end=\"919\">\u00c0 venir<\/strong><\/h3>\n<ul data-start=\"922\" data-end=\"1059\">\n<li data-start=\"922\" data-end=\"950\">\n<p data-start=\"924\" data-end=\"950\">Dur\u00e9e : <strong data-start=\"932\" data-end=\"948\">45 min \u00e0 1 h<\/strong><\/p>\n<\/li>\n<li data-start=\"951\" data-end=\"1000\">\n<p data-start=\"953\" data-end=\"1000\">Pour tous : <strong data-start=\"965\" data-end=\"998\">familles, curieux, passionn\u00e9s<\/strong><\/p>\n<\/li>\n<li data-start=\"1001\" data-end=\"1059\">\n<p data-start=\"1003\" data-end=\"1059\">Un <strong data-start=\"1006\" data-end=\"1057\">voyage in\u00e9dit au c\u0153ur du geste et de la mati\u00e8re<\/strong><\/p>\n<\/li>\n<\/ul>\n<p>[\/et_pb_text][\/et_pb_column][\/et_pb_row][\/et_pb_section]<\/p>\n","protected":false},"excerpt":{"rendered":"<p>Bient\u00f4t au PIAF \u2013 P\u00f4le International des Arts du Feu, vivez une exp\u00e9rience immersive unique o\u00f9 le feu, la mati\u00e8re et le geste artisanal prennent vie.\ud83d\udd25 D\u00e9couvrez, ressentez, \u00e9merveillez-vous Des installations visuelles et sonores qui racontent l\u2019histoire de la porcelaine, du verre et du cristal Des gestes d\u2019artisans capt\u00e9s en direct, du fa\u00e7onnage \u00e0 la [&hellip;]<\/p>\n","protected":false},"author":2,"featured_media":0,"parent":0,"menu_order":0,"comment_status":"closed","ping_status":"closed","template":"","meta":{"_et_pb_use_builder":"on","_et_pb_old_content":"","_et_gb_content_width":"","footnotes":""},"class_list":["post-220","page","type-page","status-publish","hentry"],"yoast_head":"<!-- This site is optimized with the Yoast SEO plugin v27.4 - https:\/\/yoast.com\/product\/yoast-seo-wordpress\/ -->\n<title>L&#039;exp\u00e9rience immersive - PIAF<\/title>\n<meta name=\"description\" content=\"Vivez une plong\u00e9e sensorielle immersive unique au PIAF\u202f: d\u00e9couvrez la transformation de la mati\u00e8re et les gestes des artisans\" \/>\n<meta name=\"robots\" content=\"index, follow, max-snippet:-1, max-image-preview:large, max-video-preview:-1\" \/>\n<link rel=\"canonical\" href=\"https:\/\/piaf-baccarat.fr\/en\/experience-immersive\/\" \/>\n<meta property=\"og:locale\" content=\"en_US\" \/>\n<meta property=\"og:type\" content=\"article\" \/>\n<meta property=\"og:title\" content=\"L&#039;exp\u00e9rience immersive - PIAF\" \/>\n<meta property=\"og:description\" content=\"Vivez une plong\u00e9e sensorielle immersive unique au PIAF\u202f: d\u00e9couvrez la transformation de la mati\u00e8re et les gestes des artisans\" \/>\n<meta property=\"og:url\" content=\"https:\/\/piaf-baccarat.fr\/en\/experience-immersive\/\" \/>\n<meta property=\"og:site_name\" content=\"PIAF\" \/>\n<meta property=\"article:publisher\" content=\"https:\/\/www.facebook.com\/piafbaccarat\" \/>\n<meta property=\"article:modified_time\" content=\"2026-02-06T20:59:33+00:00\" \/>\n<meta property=\"og:image\" content=\"https:\/\/piaf-baccarat.fr\/wp-content\/uploads\/2025\/09\/pole-international-des-arts-du-feu.png\" \/>\n\t<meta property=\"og:image:width\" content=\"1233\" \/>\n\t<meta property=\"og:image:height\" content=\"454\" \/>\n\t<meta property=\"og:image:type\" content=\"image\/png\" \/>\n<meta name=\"twitter:card\" content=\"summary_large_image\" \/>\n<script type=\"application\/ld+json\" class=\"yoast-schema-graph\">{\"@context\":\"https:\\\/\\\/schema.org\",\"@graph\":[{\"@type\":\"WebPage\",\"@id\":\"https:\\\/\\\/piaf-baccarat.fr\\\/experience-immersive\\\/\",\"url\":\"https:\\\/\\\/piaf-baccarat.fr\\\/experience-immersive\\\/\",\"name\":\"L'exp\u00e9rience immersive - PIAF\",\"isPartOf\":{\"@id\":\"https:\\\/\\\/piaf-baccarat.fr\\\/#website\"},\"datePublished\":\"2025-09-03T17:58:11+00:00\",\"dateModified\":\"2026-02-06T20:59:33+00:00\",\"description\":\"Vivez une plong\u00e9e sensorielle immersive unique au PIAF\u202f: d\u00e9couvrez la transformation de la mati\u00e8re et les gestes des artisans\",\"breadcrumb\":{\"@id\":\"https:\\\/\\\/piaf-baccarat.fr\\\/experience-immersive\\\/#breadcrumb\"},\"inLanguage\":\"en-US\",\"potentialAction\":[{\"@type\":\"ReadAction\",\"target\":[\"https:\\\/\\\/piaf-baccarat.fr\\\/experience-immersive\\\/\"]}]},{\"@type\":\"BreadcrumbList\",\"@id\":\"https:\\\/\\\/piaf-baccarat.fr\\\/experience-immersive\\\/#breadcrumb\",\"itemListElement\":[{\"@type\":\"ListItem\",\"position\":1,\"name\":\"Accueil\",\"item\":\"https:\\\/\\\/piaf-baccarat.fr\\\/\"},{\"@type\":\"ListItem\",\"position\":2,\"name\":\"L&rsquo;exp\u00e9rience immersive\"}]},{\"@type\":\"WebSite\",\"@id\":\"https:\\\/\\\/piaf-baccarat.fr\\\/#website\",\"url\":\"https:\\\/\\\/piaf-baccarat.fr\\\/\",\"name\":\"P\u00f4le International des Arts du feu\",\"description\":\"P\u00f4le International des Arts du feu\",\"publisher\":{\"@id\":\"https:\\\/\\\/piaf-baccarat.fr\\\/#organization\"},\"alternateName\":\"PIAF\",\"potentialAction\":[{\"@type\":\"SearchAction\",\"target\":{\"@type\":\"EntryPoint\",\"urlTemplate\":\"https:\\\/\\\/piaf-baccarat.fr\\\/?s={search_term_string}\"},\"query-input\":{\"@type\":\"PropertyValueSpecification\",\"valueRequired\":true,\"valueName\":\"search_term_string\"}}],\"inLanguage\":\"en-US\"},{\"@type\":\"Organization\",\"@id\":\"https:\\\/\\\/piaf-baccarat.fr\\\/#organization\",\"name\":\"P\u00f4le International des Arts du Feu\",\"alternateName\":\"PIAF\",\"url\":\"https:\\\/\\\/piaf-baccarat.fr\\\/\",\"logo\":{\"@type\":\"ImageObject\",\"inLanguage\":\"en-US\",\"@id\":\"https:\\\/\\\/piaf-baccarat.fr\\\/#\\\/schema\\\/logo\\\/image\\\/\",\"url\":\"https:\\\/\\\/piaf-baccarat.fr\\\/wp-content\\\/uploads\\\/2025\\\/09\\\/LOGO-piaf-1.png\",\"contentUrl\":\"https:\\\/\\\/piaf-baccarat.fr\\\/wp-content\\\/uploads\\\/2025\\\/09\\\/LOGO-piaf-1.png\",\"width\":800,\"height\":799,\"caption\":\"P\u00f4le International des Arts du Feu\"},\"image\":{\"@id\":\"https:\\\/\\\/piaf-baccarat.fr\\\/#\\\/schema\\\/logo\\\/image\\\/\"},\"sameAs\":[\"https:\\\/\\\/www.facebook.com\\\/piafbaccarat\"]}]}<\/script>\n<!-- \/ Yoast SEO plugin. -->","yoast_head_json":{"title":"L'exp\u00e9rience immersive - PIAF","description":"Vivez une plong\u00e9e sensorielle immersive unique au PIAF\u202f: d\u00e9couvrez la transformation de la mati\u00e8re et les gestes des artisans","robots":{"index":"index","follow":"follow","max-snippet":"max-snippet:-1","max-image-preview":"max-image-preview:large","max-video-preview":"max-video-preview:-1"},"canonical":"https:\/\/piaf-baccarat.fr\/en\/experience-immersive\/","og_locale":"en_US","og_type":"article","og_title":"L'exp\u00e9rience immersive - PIAF","og_description":"Vivez une plong\u00e9e sensorielle immersive unique au PIAF\u202f: d\u00e9couvrez la transformation de la mati\u00e8re et les gestes des artisans","og_url":"https:\/\/piaf-baccarat.fr\/en\/experience-immersive\/","og_site_name":"PIAF","article_publisher":"https:\/\/www.facebook.com\/piafbaccarat","article_modified_time":"2026-02-06T20:59:33+00:00","og_image":[{"width":1233,"height":454,"url":"https:\/\/piaf-baccarat.fr\/wp-content\/uploads\/2025\/09\/pole-international-des-arts-du-feu.png","type":"image\/png"}],"twitter_card":"summary_large_image","schema":{"@context":"https:\/\/schema.org","@graph":[{"@type":"WebPage","@id":"https:\/\/piaf-baccarat.fr\/experience-immersive\/","url":"https:\/\/piaf-baccarat.fr\/experience-immersive\/","name":"L'exp\u00e9rience immersive - PIAF","isPartOf":{"@id":"https:\/\/piaf-baccarat.fr\/#website"},"datePublished":"2025-09-03T17:58:11+00:00","dateModified":"2026-02-06T20:59:33+00:00","description":"Vivez une plong\u00e9e sensorielle immersive unique au PIAF\u202f: d\u00e9couvrez la transformation de la mati\u00e8re et les gestes des artisans","breadcrumb":{"@id":"https:\/\/piaf-baccarat.fr\/experience-immersive\/#breadcrumb"},"inLanguage":"en-US","potentialAction":[{"@type":"ReadAction","target":["https:\/\/piaf-baccarat.fr\/experience-immersive\/"]}]},{"@type":"BreadcrumbList","@id":"https:\/\/piaf-baccarat.fr\/experience-immersive\/#breadcrumb","itemListElement":[{"@type":"ListItem","position":1,"name":"Accueil","item":"https:\/\/piaf-baccarat.fr\/"},{"@type":"ListItem","position":2,"name":"L&rsquo;exp\u00e9rience immersive"}]},{"@type":"WebSite","@id":"https:\/\/piaf-baccarat.fr\/#website","url":"https:\/\/piaf-baccarat.fr\/","name":"P\u00f4le International des Arts du feu","description":"P\u00f4le International des Arts du feu","publisher":{"@id":"https:\/\/piaf-baccarat.fr\/#organization"},"alternateName":"PIAF","potentialAction":[{"@type":"SearchAction","target":{"@type":"EntryPoint","urlTemplate":"https:\/\/piaf-baccarat.fr\/?s={search_term_string}"},"query-input":{"@type":"PropertyValueSpecification","valueRequired":true,"valueName":"search_term_string"}}],"inLanguage":"en-US"},{"@type":"Organization","@id":"https:\/\/piaf-baccarat.fr\/#organization","name":"P\u00f4le International des Arts du Feu","alternateName":"PIAF","url":"https:\/\/piaf-baccarat.fr\/","logo":{"@type":"ImageObject","inLanguage":"en-US","@id":"https:\/\/piaf-baccarat.fr\/#\/schema\/logo\/image\/","url":"https:\/\/piaf-baccarat.fr\/wp-content\/uploads\/2025\/09\/LOGO-piaf-1.png","contentUrl":"https:\/\/piaf-baccarat.fr\/wp-content\/uploads\/2025\/09\/LOGO-piaf-1.png","width":800,"height":799,"caption":"P\u00f4le International des Arts du Feu"},"image":{"@id":"https:\/\/piaf-baccarat.fr\/#\/schema\/logo\/image\/"},"sameAs":["https:\/\/www.facebook.com\/piafbaccarat"]}]}},"jetpack_sharing_enabled":true,"_links":{"self":[{"href":"https:\/\/piaf-baccarat.fr\/en\/wp-json\/wp\/v2\/pages\/220","targetHints":{"allow":["GET"]}}],"collection":[{"href":"https:\/\/piaf-baccarat.fr\/en\/wp-json\/wp\/v2\/pages"}],"about":[{"href":"https:\/\/piaf-baccarat.fr\/en\/wp-json\/wp\/v2\/types\/page"}],"author":[{"embeddable":true,"href":"https:\/\/piaf-baccarat.fr\/en\/wp-json\/wp\/v2\/users\/2"}],"replies":[{"embeddable":true,"href":"https:\/\/piaf-baccarat.fr\/en\/wp-json\/wp\/v2\/comments?post=220"}],"version-history":[{"count":39,"href":"https:\/\/piaf-baccarat.fr\/en\/wp-json\/wp\/v2\/pages\/220\/revisions"}],"predecessor-version":[{"id":759,"href":"https:\/\/piaf-baccarat.fr\/en\/wp-json\/wp\/v2\/pages\/220\/revisions\/759"}],"wp:attachment":[{"href":"https:\/\/piaf-baccarat.fr\/en\/wp-json\/wp\/v2\/media?parent=220"}],"curies":[{"name":"wp","href":"https:\/\/api.w.org\/{rel}","templated":true}]}}