{"id":285,"date":"2026-01-03T16:28:27","date_gmt":"2026-01-03T15:28:27","guid":{"rendered":"https:\/\/piaf-baccarat.fr\/?page_id=285"},"modified":"2026-02-02T18:00:07","modified_gmt":"2026-02-02T17:00:07","slug":"participer-arts-du-feu-baccarat","status":"publish","type":"page","link":"https:\/\/piaf-baccarat.fr\/en\/participer-arts-du-feu-baccarat\/","title":{"rendered":"Participer"},"content":{"rendered":"<p>[et_pb_section fb_built=&#8221;1&#8243; theme_builder_area=&#8221;post_content&#8221; _builder_version=&#8221;4.17.4&#8243; _module_preset=&#8221;default&#8221; custom_padding=&#8221;0px|||||&#8221;][et_pb_row _builder_version=&#8221;4.17.4&#8243; _module_preset=&#8221;default&#8221; theme_builder_area=&#8221;post_content&#8221;][et_pb_column _builder_version=&#8221;4.17.4&#8243; _module_preset=&#8221;default&#8221; type=&#8221;4_4&#8243; theme_builder_area=&#8221;post_content&#8221;][et_pb_text _builder_version=&#8221;4.17.4&#8243; _module_preset=&#8221;default&#8221; theme_builder_area=&#8221;post_content&#8221; hover_enabled=&#8221;0&#8243; sticky_enabled=&#8221;0&#8243; min_height=&#8221;10px&#8221;]<\/p>\n<h1>Participer au PIAF !<\/h1>\n<p>[\/et_pb_text][\/et_pb_column][\/et_pb_row][et_pb_row _builder_version=&#8221;4.17.4&#8243; _module_preset=&#8221;default&#8221; theme_builder_area=&#8221;post_content&#8221; custom_padding=&#8221;18px|||||&#8221;][et_pb_column _builder_version=&#8221;4.17.4&#8243; _module_preset=&#8221;default&#8221; type=&#8221;4_4&#8243; theme_builder_area=&#8221;post_content&#8221;][et_pb_text _builder_version=&#8221;4.17.4&#8243; _module_preset=&#8221;default&#8221; theme_builder_area=&#8221;post_content&#8221; hover_enabled=&#8221;0&#8243; sticky_enabled=&#8221;0&#8243;]<\/p>\n<p>Bienvenue sur la page <em data-start=\"1219\" data-end=\"1231\">Participer<\/em> du P\u00f4le International des Arts du Feu (PIAF) \u00e0 Baccarat ! Ici, artistes, artisans, designers, partenaires, b\u00e9n\u00e9voles et intervenants peuvent d\u00e9couvrir comment rejoindre nos projets, \u00e9v\u00e9nements et temps forts autour des arts du feu (verre, c\u00e9ramique, m\u00e9tal, \u00e9mail).<\/p>\n<p>[\/et_pb_text][\/et_pb_column][\/et_pb_row][et_pb_row _builder_version=&#8221;4.17.4&#8243; _module_preset=&#8221;default&#8221; theme_builder_area=&#8221;post_content&#8221;][et_pb_column _builder_version=&#8221;4.17.4&#8243; _module_preset=&#8221;default&#8221; type=&#8221;4_4&#8243; theme_builder_area=&#8221;post_content&#8221;][et_pb_text _builder_version=&#8221;4.17.4&#8243; _module_preset=&#8221;default&#8221; theme_builder_area=&#8221;post_content&#8221; hover_enabled=&#8221;0&#8243; sticky_enabled=&#8221;0&#8243;]<\/p>\n<h3 data-start=\"1537\" data-end=\"1572\">Appel \u00e0 artistes et artisans<\/h3>\n<p data-start=\"1573\" data-end=\"1941\">Le PIAF lance r\u00e9guli\u00e8rement des <strong data-start=\"1605\" data-end=\"1691\">appels \u00e0 candidatures pour exposer, performer ou intervenir lors de nos \u00e9v\u00e9nements<\/strong>, notamment la Biennale internationale des Arts du Feu qui se tiendra les 20 et 21 juin 2026 \u00e0 Baccarat. Si vous cr\u00e9ez autour du feu (verre, c\u00e9ramique, m\u00e9tal, cristal), nous vous invitons \u00e0 proposer votre projet.<\/p>\n<p data-start=\"1573\" data-end=\"1941\">\n<p data-start=\"1943\" data-end=\"1970\">\ud83d\udc49 <strong data-start=\"1946\" data-end=\"1970\">Comment participer :<\/strong><\/p>\n<ul data-start=\"1971\" data-end=\"2142\">\n<li data-start=\"1971\" data-end=\"2066\">\n<p data-start=\"1973\" data-end=\"2066\">Envoyer votre dossier artistique (CV + portfolio + projet) \u00e0 : <em data-start=\"2036\" data-end=\"2064\">contact@piaf-baccarat.fr<\/em><\/p>\n<\/li>\n<li data-start=\"2067\" data-end=\"2142\">\n<p data-start=\"2069\" data-end=\"2142\">Mentionner clairement \u201cParticipation Biennale 2026\u201d dans l\u2019objet du mail.<\/p>\n<\/li>\n<\/ul>\n<p>[\/et_pb_text][\/et_pb_column][\/et_pb_row][et_pb_row _builder_version=&#8221;4.17.4&#8243; _module_preset=&#8221;default&#8221; theme_builder_area=&#8221;post_content&#8221;][et_pb_column _builder_version=&#8221;4.17.4&#8243; _module_preset=&#8221;default&#8221; type=&#8221;4_4&#8243; theme_builder_area=&#8221;post_content&#8221;][et_pb_text _builder_version=&#8221;4.17.4&#8243; _module_preset=&#8221;default&#8221; theme_builder_area=&#8221;post_content&#8221; hover_enabled=&#8221;0&#8243; sticky_enabled=&#8221;0&#8243;]<\/p>\n<h3 data-start=\"2144\" data-end=\"2174\">B\u00e9n\u00e9voles<\/h3>\n<p data-start=\"2175\" data-end=\"2437\">Le PIAF s\u2019appuie sur des b\u00e9n\u00e9voles passionn\u00e9s pour faire vivre ses \u00e9v\u00e9nements. Contactez notre \u00e9quipe pour rejoindre le r\u00e9seau et contribuer \u00e0 la programmation.<\/p>\n<p>[\/et_pb_text][et_pb_button button_text=&#8221;Devenez b\u00e9n\u00e9voles !&#8221; _builder_version=&#8221;4.17.4&#8243; _module_preset=&#8221;default&#8221; theme_builder_area=&#8221;post_content&#8221; button_url=&#8221;https:\/\/www.helloasso.com\/associations\/baccanale\/adhesions\/adhesion-baccanale&#8221; url_new_window=&#8221;on&#8221; hover_enabled=&#8221;0&#8243; sticky_enabled=&#8221;0&#8243;][\/et_pb_button][\/et_pb_column][\/et_pb_row][et_pb_row _builder_version=&#8221;4.17.4&#8243; _module_preset=&#8221;default&#8221; theme_builder_area=&#8221;post_content&#8221;][et_pb_column _builder_version=&#8221;4.17.4&#8243; _module_preset=&#8221;default&#8221; type=&#8221;4_4&#8243; theme_builder_area=&#8221;post_content&#8221;][et_pb_text _builder_version=&#8221;4.17.4&#8243; _module_preset=&#8221;default&#8221; theme_builder_area=&#8221;post_content&#8221; hover_enabled=&#8221;0&#8243; sticky_enabled=&#8221;0&#8243;]<\/p>\n<h2>Partenaires et m\u00e9c\u00e8nes<\/h2>\n<p>[\/et_pb_text][\/et_pb_column][\/et_pb_row][\/et_pb_section]<\/p>\n","protected":false},"excerpt":{"rendered":"<p>Participer au PIAF !Bienvenue sur la page Participer du P\u00f4le International des Arts du Feu (PIAF) \u00e0 Baccarat ! Ici, artistes, artisans, designers, partenaires, b\u00e9n\u00e9voles et intervenants peuvent d\u00e9couvrir comment rejoindre nos projets, \u00e9v\u00e9nements et temps forts autour des arts du feu (verre, c\u00e9ramique, m\u00e9tal, \u00e9mail).Appel \u00e0 artistes et artisans Le PIAF lance r\u00e9guli\u00e8rement des [&hellip;]<\/p>\n","protected":false},"author":2,"featured_media":0,"parent":0,"menu_order":0,"comment_status":"closed","ping_status":"closed","template":"","meta":{"_et_pb_use_builder":"on","_et_pb_old_content":"","_et_gb_content_width":"","footnotes":""},"class_list":["post-285","page","type-page","status-publish","hentry"],"yoast_head":"<!-- This site is optimized with the Yoast SEO plugin v27.4 - https:\/\/yoast.com\/product\/yoast-seo-wordpress\/ -->\n<title>Participer - PIAF<\/title>\n<meta name=\"description\" content=\"Participez au P\u00f4le International des Arts du Feu \u00e0 Baccarat : projets artistiques, collaborations, b\u00e9n\u00e9volat ou m\u00e9c\u00e9nat.\" \/>\n<meta name=\"robots\" content=\"index, follow, max-snippet:-1, max-image-preview:large, max-video-preview:-1\" \/>\n<link rel=\"canonical\" href=\"https:\/\/piaf-baccarat.fr\/en\/participer-arts-du-feu-baccarat\/\" \/>\n<meta property=\"og:locale\" content=\"en_US\" \/>\n<meta property=\"og:type\" content=\"article\" \/>\n<meta property=\"og:title\" content=\"Participer - PIAF\" \/>\n<meta property=\"og:description\" content=\"Participez au P\u00f4le International des Arts du Feu \u00e0 Baccarat : projets artistiques, collaborations, b\u00e9n\u00e9volat ou m\u00e9c\u00e9nat.\" \/>\n<meta property=\"og:url\" content=\"https:\/\/piaf-baccarat.fr\/en\/participer-arts-du-feu-baccarat\/\" \/>\n<meta property=\"og:site_name\" content=\"PIAF\" \/>\n<meta property=\"article:publisher\" content=\"https:\/\/www.facebook.com\/piafbaccarat\" \/>\n<meta property=\"article:modified_time\" content=\"2026-02-02T17:00:07+00:00\" \/>\n<meta property=\"og:image\" content=\"https:\/\/piaf-baccarat.fr\/wp-content\/uploads\/2025\/09\/pole-international-des-arts-du-feu.png\" \/>\n\t<meta property=\"og:image:width\" content=\"1233\" \/>\n\t<meta property=\"og:image:height\" content=\"454\" \/>\n\t<meta property=\"og:image:type\" content=\"image\/png\" \/>\n<meta name=\"twitter:card\" content=\"summary_large_image\" \/>\n<script type=\"application\/ld+json\" class=\"yoast-schema-graph\">{\"@context\":\"https:\\\/\\\/schema.org\",\"@graph\":[{\"@type\":\"WebPage\",\"@id\":\"https:\\\/\\\/piaf-baccarat.fr\\\/participer-arts-du-feu-baccarat\\\/\",\"url\":\"https:\\\/\\\/piaf-baccarat.fr\\\/participer-arts-du-feu-baccarat\\\/\",\"name\":\"Participer - PIAF\",\"isPartOf\":{\"@id\":\"https:\\\/\\\/piaf-baccarat.fr\\\/#website\"},\"datePublished\":\"2026-01-03T15:28:27+00:00\",\"dateModified\":\"2026-02-02T17:00:07+00:00\",\"description\":\"Participez au P\u00f4le International des Arts du Feu \u00e0 Baccarat : projets artistiques, collaborations, b\u00e9n\u00e9volat ou m\u00e9c\u00e9nat.\",\"breadcrumb\":{\"@id\":\"https:\\\/\\\/piaf-baccarat.fr\\\/participer-arts-du-feu-baccarat\\\/#breadcrumb\"},\"inLanguage\":\"en-US\",\"potentialAction\":[{\"@type\":\"ReadAction\",\"target\":[\"https:\\\/\\\/piaf-baccarat.fr\\\/participer-arts-du-feu-baccarat\\\/\"]}]},{\"@type\":\"BreadcrumbList\",\"@id\":\"https:\\\/\\\/piaf-baccarat.fr\\\/participer-arts-du-feu-baccarat\\\/#breadcrumb\",\"itemListElement\":[{\"@type\":\"ListItem\",\"position\":1,\"name\":\"Accueil\",\"item\":\"https:\\\/\\\/piaf-baccarat.fr\\\/\"},{\"@type\":\"ListItem\",\"position\":2,\"name\":\"Participer\"}]},{\"@type\":\"WebSite\",\"@id\":\"https:\\\/\\\/piaf-baccarat.fr\\\/#website\",\"url\":\"https:\\\/\\\/piaf-baccarat.fr\\\/\",\"name\":\"P\u00f4le International des Arts du feu\",\"description\":\"P\u00f4le International des Arts du feu\",\"publisher\":{\"@id\":\"https:\\\/\\\/piaf-baccarat.fr\\\/#organization\"},\"alternateName\":\"PIAF\",\"potentialAction\":[{\"@type\":\"SearchAction\",\"target\":{\"@type\":\"EntryPoint\",\"urlTemplate\":\"https:\\\/\\\/piaf-baccarat.fr\\\/?s={search_term_string}\"},\"query-input\":{\"@type\":\"PropertyValueSpecification\",\"valueRequired\":true,\"valueName\":\"search_term_string\"}}],\"inLanguage\":\"en-US\"},{\"@type\":\"Organization\",\"@id\":\"https:\\\/\\\/piaf-baccarat.fr\\\/#organization\",\"name\":\"P\u00f4le International des Arts du Feu\",\"alternateName\":\"PIAF\",\"url\":\"https:\\\/\\\/piaf-baccarat.fr\\\/\",\"logo\":{\"@type\":\"ImageObject\",\"inLanguage\":\"en-US\",\"@id\":\"https:\\\/\\\/piaf-baccarat.fr\\\/#\\\/schema\\\/logo\\\/image\\\/\",\"url\":\"https:\\\/\\\/piaf-baccarat.fr\\\/wp-content\\\/uploads\\\/2025\\\/09\\\/LOGO-piaf-1.png\",\"contentUrl\":\"https:\\\/\\\/piaf-baccarat.fr\\\/wp-content\\\/uploads\\\/2025\\\/09\\\/LOGO-piaf-1.png\",\"width\":800,\"height\":799,\"caption\":\"P\u00f4le International des Arts du Feu\"},\"image\":{\"@id\":\"https:\\\/\\\/piaf-baccarat.fr\\\/#\\\/schema\\\/logo\\\/image\\\/\"},\"sameAs\":[\"https:\\\/\\\/www.facebook.com\\\/piafbaccarat\"]}]}<\/script>\n<!-- \/ Yoast SEO plugin. -->","yoast_head_json":{"title":"Participer - PIAF","description":"Participez au P\u00f4le International des Arts du Feu \u00e0 Baccarat : projets artistiques, collaborations, b\u00e9n\u00e9volat ou m\u00e9c\u00e9nat.","robots":{"index":"index","follow":"follow","max-snippet":"max-snippet:-1","max-image-preview":"max-image-preview:large","max-video-preview":"max-video-preview:-1"},"canonical":"https:\/\/piaf-baccarat.fr\/en\/participer-arts-du-feu-baccarat\/","og_locale":"en_US","og_type":"article","og_title":"Participer - PIAF","og_description":"Participez au P\u00f4le International des Arts du Feu \u00e0 Baccarat : projets artistiques, collaborations, b\u00e9n\u00e9volat ou m\u00e9c\u00e9nat.","og_url":"https:\/\/piaf-baccarat.fr\/en\/participer-arts-du-feu-baccarat\/","og_site_name":"PIAF","article_publisher":"https:\/\/www.facebook.com\/piafbaccarat","article_modified_time":"2026-02-02T17:00:07+00:00","og_image":[{"width":1233,"height":454,"url":"https:\/\/piaf-baccarat.fr\/wp-content\/uploads\/2025\/09\/pole-international-des-arts-du-feu.png","type":"image\/png"}],"twitter_card":"summary_large_image","schema":{"@context":"https:\/\/schema.org","@graph":[{"@type":"WebPage","@id":"https:\/\/piaf-baccarat.fr\/participer-arts-du-feu-baccarat\/","url":"https:\/\/piaf-baccarat.fr\/participer-arts-du-feu-baccarat\/","name":"Participer - PIAF","isPartOf":{"@id":"https:\/\/piaf-baccarat.fr\/#website"},"datePublished":"2026-01-03T15:28:27+00:00","dateModified":"2026-02-02T17:00:07+00:00","description":"Participez au P\u00f4le International des Arts du Feu \u00e0 Baccarat : projets artistiques, collaborations, b\u00e9n\u00e9volat ou m\u00e9c\u00e9nat.","breadcrumb":{"@id":"https:\/\/piaf-baccarat.fr\/participer-arts-du-feu-baccarat\/#breadcrumb"},"inLanguage":"en-US","potentialAction":[{"@type":"ReadAction","target":["https:\/\/piaf-baccarat.fr\/participer-arts-du-feu-baccarat\/"]}]},{"@type":"BreadcrumbList","@id":"https:\/\/piaf-baccarat.fr\/participer-arts-du-feu-baccarat\/#breadcrumb","itemListElement":[{"@type":"ListItem","position":1,"name":"Accueil","item":"https:\/\/piaf-baccarat.fr\/"},{"@type":"ListItem","position":2,"name":"Participer"}]},{"@type":"WebSite","@id":"https:\/\/piaf-baccarat.fr\/#website","url":"https:\/\/piaf-baccarat.fr\/","name":"P\u00f4le International des Arts du feu","description":"P\u00f4le International des Arts du feu","publisher":{"@id":"https:\/\/piaf-baccarat.fr\/#organization"},"alternateName":"PIAF","potentialAction":[{"@type":"SearchAction","target":{"@type":"EntryPoint","urlTemplate":"https:\/\/piaf-baccarat.fr\/?s={search_term_string}"},"query-input":{"@type":"PropertyValueSpecification","valueRequired":true,"valueName":"search_term_string"}}],"inLanguage":"en-US"},{"@type":"Organization","@id":"https:\/\/piaf-baccarat.fr\/#organization","name":"P\u00f4le International des Arts du Feu","alternateName":"PIAF","url":"https:\/\/piaf-baccarat.fr\/","logo":{"@type":"ImageObject","inLanguage":"en-US","@id":"https:\/\/piaf-baccarat.fr\/#\/schema\/logo\/image\/","url":"https:\/\/piaf-baccarat.fr\/wp-content\/uploads\/2025\/09\/LOGO-piaf-1.png","contentUrl":"https:\/\/piaf-baccarat.fr\/wp-content\/uploads\/2025\/09\/LOGO-piaf-1.png","width":800,"height":799,"caption":"P\u00f4le International des Arts du Feu"},"image":{"@id":"https:\/\/piaf-baccarat.fr\/#\/schema\/logo\/image\/"},"sameAs":["https:\/\/www.facebook.com\/piafbaccarat"]}]}},"jetpack_sharing_enabled":true,"_links":{"self":[{"href":"https:\/\/piaf-baccarat.fr\/en\/wp-json\/wp\/v2\/pages\/285","targetHints":{"allow":["GET"]}}],"collection":[{"href":"https:\/\/piaf-baccarat.fr\/en\/wp-json\/wp\/v2\/pages"}],"about":[{"href":"https:\/\/piaf-baccarat.fr\/en\/wp-json\/wp\/v2\/types\/page"}],"author":[{"embeddable":true,"href":"https:\/\/piaf-baccarat.fr\/en\/wp-json\/wp\/v2\/users\/2"}],"replies":[{"embeddable":true,"href":"https:\/\/piaf-baccarat.fr\/en\/wp-json\/wp\/v2\/comments?post=285"}],"version-history":[{"count":33,"href":"https:\/\/piaf-baccarat.fr\/en\/wp-json\/wp\/v2\/pages\/285\/revisions"}],"predecessor-version":[{"id":749,"href":"https:\/\/piaf-baccarat.fr\/en\/wp-json\/wp\/v2\/pages\/285\/revisions\/749"}],"wp:attachment":[{"href":"https:\/\/piaf-baccarat.fr\/en\/wp-json\/wp\/v2\/media?parent=285"}],"curies":[{"name":"wp","href":"https:\/\/api.w.org\/{rel}","templated":true}]}}