{"id":814,"date":"2026-04-03T10:52:04","date_gmt":"2026-04-03T08:52:04","guid":{"rendered":"https:\/\/piaf-baccarat.fr\/boutique\/"},"modified":"2026-05-12T12:45:21","modified_gmt":"2026-05-12T10:45:21","slug":"boutique","status":"publish","type":"page","link":"https:\/\/piaf-baccarat.fr\/en\/boutique\/","title":{"rendered":"Boutique"},"content":{"rendered":"<p>[et_pb_section fb_built=&#8221;1&#8243; _builder_version=&#8221;4.17.4&#8243; _module_preset=&#8221;default&#8221; global_colors_info=&#8221;{}&#8221;][et_pb_row _builder_version=&#8221;4.17.4&#8243; _module_preset=&#8221;default&#8221; global_colors_info=&#8221;{}&#8221;][et_pb_column type=&#8221;4_4&#8243; _builder_version=&#8221;4.17.4&#8243; _module_preset=&#8221;default&#8221; global_colors_info=&#8221;{}&#8221;][et_pb_text _builder_version=&#8221;4.17.4&#8243; _module_preset=&#8221;default&#8221; global_colors_info=&#8221;{}&#8221;]<\/p>\n<h1>Boutique<\/h1>\n<p>&nbsp;<\/p>\n<p data-start=\"519\" data-end=\"730\">Le PIAF r\u00e9unit une s\u00e9lection de pi\u00e8ces issues des grandes manufactures historiques li\u00e9es aux arts du feu, t\u00e9moins d\u2019un savoir-faire qui a profond\u00e9ment marqu\u00e9 l\u2019histoire artisanale et industrielle de la Lorraine.<\/p>\n<p data-start=\"735\" data-end=\"958\">Fa\u00efences de Saint-Cl\u00e9ment, Niderviller et futures cr\u00e9ations contemporaines dialoguent ici autour d\u2019un m\u00eame patrimoine vivant, entre m\u00e9moire des gestes, transmission des techniques et regard port\u00e9 vers la cr\u00e9ation de demain.<\/p>\n<p data-start=\"963\" data-end=\"1168\">\u00c0 travers ces collections, le PIAF souhaite contribuer \u00e0 la pr\u00e9servation et \u00e0 la valorisation des arts du feu, en faisant d\u00e9couvrir au public des pi\u00e8ces porteuses d\u2019histoire, de mati\u00e8re et de savoir-faire.<\/p>\n<p>&nbsp;<\/p>\n<p>[\/et_pb_text][et_pb_text _builder_version=&#8221;4.17.4&#8243; _module_preset=&#8221;default&#8221; hover_enabled=&#8221;0&#8243; sticky_enabled=&#8221;0&#8243;]<\/p>\n<h2>Tous les produits<\/h2>\n<p>[\/et_pb_text][et_pb_code _builder_version=&#8221;4.17.4&#8243; _module_preset=&#8221;default&#8221; hover_enabled=&#8221;0&#8243; sticky_enabled=&#8221;0&#8243;]<div class=\"woocommerce columns-4 \"><ul class=\"products columns-4\">\n<li class=\"product type-product post-861 status-publish first instock product_cat-non-classe shipping-taxable product-type-simple\">\n\t<a href=\"https:\/\/piaf-baccarat.fr\/en\/product\/assiette-saint-clement\/\" class=\"woocommerce-LoopProduct-link woocommerce-loop-product__link\"><span class=\"et_shop_image\"><img loading=\"lazy\" decoding=\"async\" width=\"300\" height=\"300\" src=\"https:\/\/piaf-baccarat.fr\/wp-content\/uploads\/woocommerce-placeholder.webp\" class=\"woocommerce-placeholder wp-post-image\" alt=\"Placeholder\" \/><span class=\"et_overlay\"><\/span><\/span><h2 class=\"woocommerce-loop-product__title\">Assiette Saint-Cl\u00e9ment<\/h2>\n<\/a><\/li>\n<\/ul>\n<\/div>[\/et_pb_code][\/et_pb_column][\/et_pb_row][\/et_pb_section]<\/p>\n","protected":false},"excerpt":{"rendered":"<p>Boutique &nbsp; Le PIAF r\u00e9unit une s\u00e9lection de pi\u00e8ces issues des grandes manufactures historiques li\u00e9es aux arts du feu, t\u00e9moins d\u2019un savoir-faire qui a profond\u00e9ment marqu\u00e9 l\u2019histoire artisanale et industrielle de la Lorraine. Fa\u00efences de Saint-Cl\u00e9ment, Niderviller et futures cr\u00e9ations contemporaines dialoguent ici autour d\u2019un m\u00eame patrimoine vivant, entre m\u00e9moire des gestes, transmission des techniques [&hellip;]<\/p>\n","protected":false},"author":1,"featured_media":0,"parent":0,"menu_order":0,"comment_status":"closed","ping_status":"closed","template":"","meta":{"_et_pb_use_builder":"on","_et_pb_old_content":"","_et_gb_content_width":"","footnotes":""},"class_list":["post-814","page","type-page","status-publish","hentry"],"yoast_head":"<!-- This site is optimized with the Yoast SEO plugin v27.4 - https:\/\/yoast.com\/product\/yoast-seo-wordpress\/ -->\n<title>Boutique - PIAF<\/title>\n<meta name=\"robots\" content=\"index, follow, max-snippet:-1, max-image-preview:large, max-video-preview:-1\" \/>\n<link rel=\"canonical\" href=\"https:\/\/piaf-baccarat.fr\/en\/boutique\/\" \/>\n<meta property=\"og:locale\" content=\"en_US\" \/>\n<meta property=\"og:type\" content=\"article\" \/>\n<meta property=\"og:title\" content=\"Boutique - PIAF\" \/>\n<meta property=\"og:description\" content=\"Boutique &nbsp; Le PIAF r\u00e9unit une s\u00e9lection de pi\u00e8ces issues des grandes manufactures historiques li\u00e9es aux arts du feu, t\u00e9moins d\u2019un savoir-faire qui a profond\u00e9ment marqu\u00e9 l\u2019histoire artisanale et industrielle de la Lorraine. Fa\u00efences de Saint-Cl\u00e9ment, Niderviller et futures cr\u00e9ations contemporaines dialoguent ici autour d\u2019un m\u00eame patrimoine vivant, entre m\u00e9moire des gestes, transmission des techniques [&hellip;]\" \/>\n<meta property=\"og:url\" content=\"https:\/\/piaf-baccarat.fr\/en\/boutique\/\" \/>\n<meta property=\"og:site_name\" content=\"PIAF\" \/>\n<meta property=\"article:publisher\" content=\"https:\/\/www.facebook.com\/piafbaccarat\" \/>\n<meta property=\"article:modified_time\" content=\"2026-05-12T10:45:21+00:00\" \/>\n<meta property=\"og:image\" content=\"https:\/\/piaf-baccarat.fr\/wp-content\/uploads\/2025\/09\/pole-international-des-arts-du-feu.png\" \/>\n\t<meta property=\"og:image:width\" content=\"1233\" \/>\n\t<meta property=\"og:image:height\" content=\"454\" \/>\n\t<meta property=\"og:image:type\" content=\"image\/png\" \/>\n<meta name=\"twitter:card\" content=\"summary_large_image\" \/>\n<meta name=\"twitter:label1\" content=\"Est. reading time\" \/>\n\t<meta name=\"twitter:data1\" content=\"1 minute\" \/>\n<script type=\"application\/ld+json\" class=\"yoast-schema-graph\">{\"@context\":\"https:\\\/\\\/schema.org\",\"@graph\":[{\"@type\":\"WebPage\",\"@id\":\"https:\\\/\\\/piaf-baccarat.fr\\\/boutique\\\/\",\"url\":\"https:\\\/\\\/piaf-baccarat.fr\\\/boutique\\\/\",\"name\":\"Boutique - PIAF\",\"isPartOf\":{\"@id\":\"https:\\\/\\\/piaf-baccarat.fr\\\/#website\"},\"datePublished\":\"2026-04-03T08:52:04+00:00\",\"dateModified\":\"2026-05-12T10:45:21+00:00\",\"breadcrumb\":{\"@id\":\"https:\\\/\\\/piaf-baccarat.fr\\\/boutique\\\/#breadcrumb\"},\"inLanguage\":\"en-US\",\"potentialAction\":[{\"@type\":\"ReadAction\",\"target\":[\"https:\\\/\\\/piaf-baccarat.fr\\\/boutique\\\/\"]}]},{\"@type\":\"BreadcrumbList\",\"@id\":\"https:\\\/\\\/piaf-baccarat.fr\\\/boutique\\\/#breadcrumb\",\"itemListElement\":[{\"@type\":\"ListItem\",\"position\":1,\"name\":\"Accueil\",\"item\":\"https:\\\/\\\/piaf-baccarat.fr\\\/\"},{\"@type\":\"ListItem\",\"position\":2,\"name\":\"Boutique\"}]},{\"@type\":\"WebSite\",\"@id\":\"https:\\\/\\\/piaf-baccarat.fr\\\/#website\",\"url\":\"https:\\\/\\\/piaf-baccarat.fr\\\/\",\"name\":\"P\u00f4le International des Arts du feu\",\"description\":\"P\u00f4le International des Arts du feu\",\"publisher\":{\"@id\":\"https:\\\/\\\/piaf-baccarat.fr\\\/#organization\"},\"alternateName\":\"PIAF\",\"potentialAction\":[{\"@type\":\"SearchAction\",\"target\":{\"@type\":\"EntryPoint\",\"urlTemplate\":\"https:\\\/\\\/piaf-baccarat.fr\\\/?s={search_term_string}\"},\"query-input\":{\"@type\":\"PropertyValueSpecification\",\"valueRequired\":true,\"valueName\":\"search_term_string\"}}],\"inLanguage\":\"en-US\"},{\"@type\":\"Organization\",\"@id\":\"https:\\\/\\\/piaf-baccarat.fr\\\/#organization\",\"name\":\"P\u00f4le International des Arts du Feu\",\"alternateName\":\"PIAF\",\"url\":\"https:\\\/\\\/piaf-baccarat.fr\\\/\",\"logo\":{\"@type\":\"ImageObject\",\"inLanguage\":\"en-US\",\"@id\":\"https:\\\/\\\/piaf-baccarat.fr\\\/#\\\/schema\\\/logo\\\/image\\\/\",\"url\":\"https:\\\/\\\/piaf-baccarat.fr\\\/wp-content\\\/uploads\\\/2025\\\/09\\\/LOGO-piaf-1.png\",\"contentUrl\":\"https:\\\/\\\/piaf-baccarat.fr\\\/wp-content\\\/uploads\\\/2025\\\/09\\\/LOGO-piaf-1.png\",\"width\":800,\"height\":799,\"caption\":\"P\u00f4le International des Arts du Feu\"},\"image\":{\"@id\":\"https:\\\/\\\/piaf-baccarat.fr\\\/#\\\/schema\\\/logo\\\/image\\\/\"},\"sameAs\":[\"https:\\\/\\\/www.facebook.com\\\/piafbaccarat\"]}]}<\/script>\n<!-- \/ Yoast SEO plugin. -->","yoast_head_json":{"title":"Boutique - PIAF","robots":{"index":"index","follow":"follow","max-snippet":"max-snippet:-1","max-image-preview":"max-image-preview:large","max-video-preview":"max-video-preview:-1"},"canonical":"https:\/\/piaf-baccarat.fr\/en\/boutique\/","og_locale":"en_US","og_type":"article","og_title":"Boutique - PIAF","og_description":"Boutique &nbsp; Le PIAF r\u00e9unit une s\u00e9lection de pi\u00e8ces issues des grandes manufactures historiques li\u00e9es aux arts du feu, t\u00e9moins d\u2019un savoir-faire qui a profond\u00e9ment marqu\u00e9 l\u2019histoire artisanale et industrielle de la Lorraine. Fa\u00efences de Saint-Cl\u00e9ment, Niderviller et futures cr\u00e9ations contemporaines dialoguent ici autour d\u2019un m\u00eame patrimoine vivant, entre m\u00e9moire des gestes, transmission des techniques [&hellip;]","og_url":"https:\/\/piaf-baccarat.fr\/en\/boutique\/","og_site_name":"PIAF","article_publisher":"https:\/\/www.facebook.com\/piafbaccarat","article_modified_time":"2026-05-12T10:45:21+00:00","og_image":[{"width":1233,"height":454,"url":"https:\/\/piaf-baccarat.fr\/wp-content\/uploads\/2025\/09\/pole-international-des-arts-du-feu.png","type":"image\/png"}],"twitter_card":"summary_large_image","twitter_misc":{"Est. reading time":"1 minute"},"schema":{"@context":"https:\/\/schema.org","@graph":[{"@type":"WebPage","@id":"https:\/\/piaf-baccarat.fr\/boutique\/","url":"https:\/\/piaf-baccarat.fr\/boutique\/","name":"Boutique - PIAF","isPartOf":{"@id":"https:\/\/piaf-baccarat.fr\/#website"},"datePublished":"2026-04-03T08:52:04+00:00","dateModified":"2026-05-12T10:45:21+00:00","breadcrumb":{"@id":"https:\/\/piaf-baccarat.fr\/boutique\/#breadcrumb"},"inLanguage":"en-US","potentialAction":[{"@type":"ReadAction","target":["https:\/\/piaf-baccarat.fr\/boutique\/"]}]},{"@type":"BreadcrumbList","@id":"https:\/\/piaf-baccarat.fr\/boutique\/#breadcrumb","itemListElement":[{"@type":"ListItem","position":1,"name":"Accueil","item":"https:\/\/piaf-baccarat.fr\/"},{"@type":"ListItem","position":2,"name":"Boutique"}]},{"@type":"WebSite","@id":"https:\/\/piaf-baccarat.fr\/#website","url":"https:\/\/piaf-baccarat.fr\/","name":"P\u00f4le International des Arts du feu","description":"P\u00f4le International des Arts du feu","publisher":{"@id":"https:\/\/piaf-baccarat.fr\/#organization"},"alternateName":"PIAF","potentialAction":[{"@type":"SearchAction","target":{"@type":"EntryPoint","urlTemplate":"https:\/\/piaf-baccarat.fr\/?s={search_term_string}"},"query-input":{"@type":"PropertyValueSpecification","valueRequired":true,"valueName":"search_term_string"}}],"inLanguage":"en-US"},{"@type":"Organization","@id":"https:\/\/piaf-baccarat.fr\/#organization","name":"P\u00f4le International des Arts du Feu","alternateName":"PIAF","url":"https:\/\/piaf-baccarat.fr\/","logo":{"@type":"ImageObject","inLanguage":"en-US","@id":"https:\/\/piaf-baccarat.fr\/#\/schema\/logo\/image\/","url":"https:\/\/piaf-baccarat.fr\/wp-content\/uploads\/2025\/09\/LOGO-piaf-1.png","contentUrl":"https:\/\/piaf-baccarat.fr\/wp-content\/uploads\/2025\/09\/LOGO-piaf-1.png","width":800,"height":799,"caption":"P\u00f4le International des Arts du Feu"},"image":{"@id":"https:\/\/piaf-baccarat.fr\/#\/schema\/logo\/image\/"},"sameAs":["https:\/\/www.facebook.com\/piafbaccarat"]}]}},"jetpack_sharing_enabled":true,"_links":{"self":[{"href":"https:\/\/piaf-baccarat.fr\/en\/wp-json\/wp\/v2\/pages\/814","targetHints":{"allow":["GET"]}}],"collection":[{"href":"https:\/\/piaf-baccarat.fr\/en\/wp-json\/wp\/v2\/pages"}],"about":[{"href":"https:\/\/piaf-baccarat.fr\/en\/wp-json\/wp\/v2\/types\/page"}],"author":[{"embeddable":true,"href":"https:\/\/piaf-baccarat.fr\/en\/wp-json\/wp\/v2\/users\/1"}],"replies":[{"embeddable":true,"href":"https:\/\/piaf-baccarat.fr\/en\/wp-json\/wp\/v2\/comments?post=814"}],"version-history":[{"count":5,"href":"https:\/\/piaf-baccarat.fr\/en\/wp-json\/wp\/v2\/pages\/814\/revisions"}],"predecessor-version":[{"id":862,"href":"https:\/\/piaf-baccarat.fr\/en\/wp-json\/wp\/v2\/pages\/814\/revisions\/862"}],"wp:attachment":[{"href":"https:\/\/piaf-baccarat.fr\/en\/wp-json\/wp\/v2\/media?parent=814"}],"curies":[{"name":"wp","href":"https:\/\/api.w.org\/{rel}","templated":true}]}}